{"id":7316,"date":"2020-05-14T09:03:24","date_gmt":"2020-05-14T07:03:24","guid":{"rendered":"https:\/\/cpsanadrian.educacion.navarra.es\/blog\/?page_id=7316"},"modified":"2021-03-17T09:44:36","modified_gmt":"2021-03-17T08:44:36","slug":"proeducar-hezigarri","status":"publish","type":"page","link":"https:\/\/cpsanadrian.educacion.navarra.es\/blog\/proeducar-hezigarri\/","title":{"rendered":"PROEDUCAR-HEZIGARRI"},"content":{"rendered":"\n<figure class=\"wp-block-image size-large\"><a href=\"https:\/\/proeducarhezigarri.educacion.navarra.es\/\"><img loading=\"lazy\" width=\"1024\" height=\"491\" src=\"https:\/\/cpsanadrian.educacion.navarra.es\/blog\/wp-content\/uploads\/2021\/03\/logos_webs_centros-1024x491.jpg\" alt=\"\" class=\"wp-image-7609\" srcset=\"https:\/\/cpsanadrian.educacion.navarra.es\/blog\/wp-content\/uploads\/2021\/03\/logos_webs_centros-1024x491.jpg 1024w, https:\/\/cpsanadrian.educacion.navarra.es\/blog\/wp-content\/uploads\/2021\/03\/logos_webs_centros-300x144.jpg 300w, https:\/\/cpsanadrian.educacion.navarra.es\/blog\/wp-content\/uploads\/2021\/03\/logos_webs_centros-768x368.jpg 768w, https:\/\/cpsanadrian.educacion.navarra.es\/blog\/wp-content\/uploads\/2021\/03\/logos_webs_centros.jpg 1233w\" sizes=\"(max-width: 1024px) 100vw, 1024px\" \/><\/a><\/figure>\n\n\n\n<p><strong>Nuestro centro trabaja en el Programa PROEDUCAR-HEZIGARRI Navarra<\/strong>, dentro de la RED-1, que&nbsp;propone a los Centros Educativos participar en&nbsp;<strong>un proyecto de transformaci\u00f3n global&nbsp;<\/strong>mediante un contrato, con una duraci\u00f3n de tres cursos acad\u00e9micos, entre el Centro Educativo y el Departamento de Educaci\u00f3n de Navarra, en el que cada Centro decidir\u00e1 un itinerario propio de trabajo y transformaci\u00f3n, teniendo en cuenta su entorno, punto de partida y horizonte so\u00f1ado.<\/p>\n\n\n\n<p><strong>La escuela debe garantizar que todo el alumnado est\u00e1 atendido seg\u00fan sus necesidades y sus capacidades<\/strong>. Cada ni\u00f1a, cada ni\u00f1o, es diferente y de esa diversidad surge la riqueza que permite aprender individualmente de manera cooperativa. Todo el mundo cuenta y tiene algo que aportar para la mejora de nuestra sociedad.<\/p>\n\n\n\n<p class=\"has-text-align-center\"><a href=\"https:\/\/proeducarhezigarri.educacion.navarra.es\/\" target=\"_blank\" rel=\"noreferrer noopener\">P\u00e1gina Web oficial<\/a><\/p>\n","protected":false},"excerpt":{"rendered":"<p>Nuestro centro trabaja en el Programa PROEDUCAR-HEZIGARRI Navarra, dentro de la RED-1, que&nbsp;propone a los Centros Educativos participar en&nbsp;un proyecto de transformaci\u00f3n global&nbsp;mediante un contrato, con una duraci\u00f3n de tres cursos acad\u00e9micos, entre el Centro Educativo y el Departamento de Educaci\u00f3n de Navarra, en el que cada Centro decidir\u00e1 un itinerario propio de trabajo y &hellip; <a href=\"https:\/\/cpsanadrian.educacion.navarra.es\/blog\/proeducar-hezigarri\/\" class=\"more-link\">Seguir leyendo <span class=\"screen-reader-text\">PROEDUCAR-HEZIGARRI<\/span> <span class=\"meta-nav\">&rarr;<\/span><\/a><\/p>\n","protected":false},"author":11,"featured_media":0,"parent":0,"menu_order":0,"comment_status":"closed","ping_status":"closed","template":"","meta":{"ngg_post_thumbnail":0},"_links":{"self":[{"href":"https:\/\/cpsanadrian.educacion.navarra.es\/blog\/wp-json\/wp\/v2\/pages\/7316"}],"collection":[{"href":"https:\/\/cpsanadrian.educacion.navarra.es\/blog\/wp-json\/wp\/v2\/pages"}],"about":[{"href":"https:\/\/cpsanadrian.educacion.navarra.es\/blog\/wp-json\/wp\/v2\/types\/page"}],"author":[{"embeddable":true,"href":"https:\/\/cpsanadrian.educacion.navarra.es\/blog\/wp-json\/wp\/v2\/users\/11"}],"replies":[{"embeddable":true,"href":"https:\/\/cpsanadrian.educacion.navarra.es\/blog\/wp-json\/wp\/v2\/comments?post=7316"}],"version-history":[{"count":4,"href":"https:\/\/cpsanadrian.educacion.navarra.es\/blog\/wp-json\/wp\/v2\/pages\/7316\/revisions"}],"predecessor-version":[{"id":7611,"href":"https:\/\/cpsanadrian.educacion.navarra.es\/blog\/wp-json\/wp\/v2\/pages\/7316\/revisions\/7611"}],"wp:attachment":[{"href":"https:\/\/cpsanadrian.educacion.navarra.es\/blog\/wp-json\/wp\/v2\/media?parent=7316"}],"curies":[{"name":"wp","href":"https:\/\/api.w.org\/{rel}","templated":true}]}}