{"id":7928,"date":"2021-11-30T09:41:20","date_gmt":"2021-11-30T08:41:20","guid":{"rendered":"https:\/\/cpsanadrian.educacion.navarra.es\/blog\/?page_id=7928"},"modified":"2025-11-04T10:53:07","modified_gmt":"2025-11-04T09:53:07","slug":"guia-familias","status":"publish","type":"page","link":"https:\/\/cpsanadrian.educacion.navarra.es\/blog\/guia-familias\/","title":{"rendered":"Gu\u00eda informaci\u00f3n familias"},"content":{"rendered":"\n<p>La presente gu\u00eda pretende facilitar a las familias del centro el acceso a la informaci\u00f3n m\u00e1s relevante.&nbsp;<\/p>\n\n\n\n<ul><li><a rel=\"noreferrer noopener\" href=\"https:\/\/docs.google.com\/document\/d\/1weAt6IrDXzXyp0pfSvlT9Vmr6RQXGiE4YAdWiAqG_s0\/edit?usp=sharing\" target=\"_blank\">Oferta educativa<\/a><\/li><li><a rel=\"noreferrer noopener\" href=\"https:\/\/drive.google.com\/drive\/folders\/0ByZBeNZtGXkLVkl2cTJUSlB1a2M?resourcekey=0-74XVUMdgqcUTjccZC9MPZg&amp;usp=sharing\" target=\"_blank\">Especificaciones de los cursos<\/a><\/li><li><a href=\"https:\/\/docs.google.com\/spreadsheets\/d\/1oPEidv1t2aKUlZ0h2E6FHfanwz4bf2ZIvKWRNYvHXD0\/edit?gid=2075020016#gid=2075020016\">Plan Estrat\u00e9gico 25-29<\/a><\/li><li><a href=\"https:\/\/docs.google.com\/document\/d\/1iDxxd5gr8ajd8XO_pFsdiYFqhv9Kf-gA7GDIjTYNiwU\/edit?usp=sharing\">Consejo Escolar (miembros y funciones)<\/a><\/li><li><a href=\"https:\/\/docs.google.com\/spreadsheets\/d\/1P18sePHjpjqadX_EUZIWwJWHri2Ru75wH6Jsz4axhto\/edit?gid=692877431#gid=692877431\">Programaci\u00f3n General Anual 24\/2<\/a>5 &#8211; <a rel=\"noreferrer noopener\" href=\"https:\/\/docs.google.com\/spreadsheets\/d\/1VjmLOj0xl_mhxBBjPDMln5N2wXIS4Bl1Hm_p_VK-0NQ\/edit#gid=1230993472\" target=\"_blank\">\u00a0PGA 25\/26\u00a0<\/a><\/li><li><a href=\"https:\/\/docs.google.com\/document\/d\/1Yt-9xhKQJ3aSowRqWD49vBaPvqfaTCJ8IWIehkpRz-8\/edit#heading=h.gosaocuxgjtx\">Misi\u00f3n, Visi\u00f3n y Valores<\/a><\/li><li><a rel=\"noreferrer noopener\" href=\"https:\/\/docs.google.com\/document\/d\/1FXIgwnoZLVSI-GrSIGrUzJ7gateRVtTXCrBh1WQVno0\/edit?usp=sharing\" target=\"_blank\">Proyecto Educativo de Centro<\/a> (Aprobado en junio del 2023)<\/li><li>Actividades acad\u00e9micas:<ul><li> <a rel=\"noreferrer noopener\" href=\"https:\/\/cpsanadrian.educacion.navarra.es\/blog\/libros-y-materiales-22-23\/\" target=\"_blank\">Libros y Materiales<\/a><\/li><li><a rel=\"noreferrer noopener\" href=\"https:\/\/docs.google.com\/document\/d\/1fIaVhPlB_NTiUKXV9oklT2yno9WQceEyTQcj9kBnY7k\/edit?tab=t.0\" target=\"_blank\">Programaci\u00f3n did\u00e1ctica de \u00e1reas<\/a><\/li><\/ul><\/li><li><a href=\"https:\/\/docs.google.com\/document\/d\/1RDChNB2BxXqkXeBh0FaNyay9wz2juAPxOCItedDP5kI\/edit\">Normas de funcionamiento del centro<\/a><ul><li>Entradas\/salidas centro.<\/li><li>Normativa Extraescolares ofrecidas por el centro.<\/li><li>Entradas\/salidas durante el horario lectivo.\u00a0<\/li><li>Entrevistas con el equipo directivo<\/li><li>Entrevistas con el profesorado<\/li><li>Servicios complementarios<\/li><li>Horario atenci\u00f3n secretar\u00eda<\/li><li>Convivencia en el centro<\/li><li>Servicio de Madrugadores y Comedor (APYMA)<\/li><\/ul><\/li><li><a href=\"https:\/\/docs.google.com\/spreadsheets\/d\/1OzDZe_8iACx_477ZrhYfC-dK4odMEjo-Eowhr-W5C0g\/edit#gid=1890734466\">Informaci\u00f3n a las familias: Calificaci\u00f3n y boletines<\/a><\/li><li><a href=\"https:\/\/docs.google.com\/document\/d\/1Mr_iPQdM0I8zMkORHHWWz6TN0375-Rig8O7myRjJn10\/edit?usp=sharing\">Comunicaciones, Apps oficiales en el centro<\/a><\/li><li><a href=\"https:\/\/docs.google.com\/document\/d\/178pS8mCw5uOMeG3WIi7o-QAVr73skSdnrdqjNwkWSWA\/edit?usp=sharing\">Deberes y tareas del alumnado en casa<\/a><\/li><li><a rel=\"noreferrer noopener\" href=\"https:\/\/docs.google.com\/document\/d\/1enalWvg1jn_XJLSD9D8_Z19O5pnvJRLrqao8zIlWrks\/edit?usp=sharing\" target=\"_blank\">Plan de Convivencia <\/a><\/li><li>Plan de Salud<ul><li><a href=\"https:\/\/drive.google.com\/file\/d\/1nVXsagsVdxjDF3o67O09v6TanaUCclRC\/view?usp=sharing\">Desayuno y almuerzo saludables (Estrella de la salud)<\/a><\/li><\/ul><ul><li><a rel=\"noreferrer noopener\" href=\"https:\/\/cpsanadrian.educacion.navarra.es\/blog\/protocolos-salud\/\" target=\"_blank\">Protocolos Salud<\/a><\/li><\/ul><\/li><li><a href=\"https:\/\/docs.google.com\/document\/d\/1mH-aN40uNNF3Cdx75ecjkwk_4C7XKWm5GKdSNzx8rTo\/edit?usp=drive_link\">Encuestas de satisfacci\u00f3n<\/a><\/li><li><a rel=\"noreferrer noopener\" href=\"https:\/\/docs.google.com\/document\/d\/1BY9x5zHGgTNXvIsUxIKc8FZH69efRIz-mK8bq6uMJr4\/edit\" target=\"_blank\">Proyectos del centro<\/a><ul><li>Proeducar\/Hezigarri<\/li><li>Skolae<\/li><li>Laguntza<\/li><li>Ikasnova<\/li><li>Calidad<\/li><li><a rel=\"noreferrer noopener\" href=\"https:\/\/docs.google.com\/document\/d\/15dR5oB8wOFw-90Dg-OI3zrJj6OQlHx5G2BIULIfAWDg\/edit?usp=sharing\" target=\"_blank\">Proyecto Ling\u00fc\u00edstico de centro<\/a><\/li><li>Plan Digital de Centro <\/li><\/ul><\/li><li><a href=\"https:\/\/docs.google.com\/document\/d\/1dJ8vAMpBigxfOUuNCZp3Qn1ueZsfVhbiV4vWV0fcCok\/edit\">P<\/a><a rel=\"noreferrer noopener\" href=\"https:\/\/docs.google.com\/document\/d\/1gwQv22x9u91BaW2d0QRUtnulnQ17o9myh5hB5UF5RjM\/edit\" target=\"_blank\">rotocolo pediculosis (PIOJOS)<\/a><\/li><li><a rel=\"noreferrer noopener\" href=\"https:\/\/cpsanadrian.educacion.navarra.es\/blog\/apyma\/\" target=\"_blank\">Servicios de la APYMA (comedor, servicio madrugadores\/as, extraescolares)<\/a><\/li><\/ul>\n","protected":false},"excerpt":{"rendered":"<p>La presente gu\u00eda pretende facilitar a las familias del centro el acceso a la informaci\u00f3n m\u00e1s relevante.&nbsp; Oferta educativa Especificaciones de los cursos Plan Estrat\u00e9gico 25-29 Consejo Escolar (miembros y funciones) Programaci\u00f3n General Anual 24\/25 &#8211; \u00a0PGA 25\/26\u00a0 Misi\u00f3n, Visi\u00f3n y Valores Proyecto Educativo de Centro (Aprobado en junio del 2023) Actividades acad\u00e9micas: Libros y &hellip; <a href=\"https:\/\/cpsanadrian.educacion.navarra.es\/blog\/guia-familias\/\" class=\"more-link\">Seguir leyendo <span class=\"screen-reader-text\">Gu\u00eda informaci\u00f3n familias<\/span> <span class=\"meta-nav\">&rarr;<\/span><\/a><\/p>\n","protected":false},"author":11,"featured_media":0,"parent":0,"menu_order":0,"comment_status":"closed","ping_status":"closed","template":"","meta":{"ngg_post_thumbnail":0},"_links":{"self":[{"href":"https:\/\/cpsanadrian.educacion.navarra.es\/blog\/wp-json\/wp\/v2\/pages\/7928"}],"collection":[{"href":"https:\/\/cpsanadrian.educacion.navarra.es\/blog\/wp-json\/wp\/v2\/pages"}],"about":[{"href":"https:\/\/cpsanadrian.educacion.navarra.es\/blog\/wp-json\/wp\/v2\/types\/page"}],"author":[{"embeddable":true,"href":"https:\/\/cpsanadrian.educacion.navarra.es\/blog\/wp-json\/wp\/v2\/users\/11"}],"replies":[{"embeddable":true,"href":"https:\/\/cpsanadrian.educacion.navarra.es\/blog\/wp-json\/wp\/v2\/comments?post=7928"}],"version-history":[{"count":25,"href":"https:\/\/cpsanadrian.educacion.navarra.es\/blog\/wp-json\/wp\/v2\/pages\/7928\/revisions"}],"predecessor-version":[{"id":10018,"href":"https:\/\/cpsanadrian.educacion.navarra.es\/blog\/wp-json\/wp\/v2\/pages\/7928\/revisions\/10018"}],"wp:attachment":[{"href":"https:\/\/cpsanadrian.educacion.navarra.es\/blog\/wp-json\/wp\/v2\/media?parent=7928"}],"curies":[{"name":"wp","href":"https:\/\/api.w.org\/{rel}","templated":true}]}}