{"id":8097,"date":"2022-03-10T10:23:37","date_gmt":"2022-03-10T09:23:37","guid":{"rendered":"https:\/\/cpsanadrian.educacion.navarra.es\/blog\/?page_id=8097"},"modified":"2023-11-29T09:35:08","modified_gmt":"2023-11-29T08:35:08","slug":"laguntza","status":"publish","type":"page","link":"https:\/\/cpsanadrian.educacion.navarra.es\/blog\/laguntza\/","title":{"rendered":"LAGUNTZA"},"content":{"rendered":"\n<figure class=\"wp-block-image size-full\"><a href=\"https:\/\/cpsanadrian.educacion.navarra.es\/blog\/wp-content\/uploads\/2022\/03\/Captura-de-pantalla-2022-03-10-102225.jpg\"><img loading=\"lazy\" width=\"122\" height=\"131\" src=\"https:\/\/cpsanadrian.educacion.navarra.es\/blog\/wp-content\/uploads\/2022\/03\/Captura-de-pantalla-2022-03-10-102225.jpg\" alt=\"\" class=\"wp-image-8098\"\/><\/a><\/figure>\n\n\n\n<p>A comienzos del curso escolar 21\/22 comenz\u00f3 el pilotaje de este programa propuesto por el Departamento de Educaci\u00f3n de Navarra centrado en la educaci\u00f3n emocional <a rel=\"noreferrer noopener\" href=\"https:\/\/www.ecologiaemocional.org\/\" target=\"_blank\">(ecolog\u00eda emocional).<\/a><\/p>\n\n\n\n<p class=\"has-text-align-center\"><a href=\"https:\/\/convivencia.educacion.navarra.es\/\" target=\"_blank\" rel=\"noreferrer noopener\">ENLACE A LA P\u00c1GINA WEB DE CONVIVENCIA DE NAVARRA<\/a><\/p>\n\n\n\n<p>Dicho programa se caracteriza por proporcionar, tanto al alumnado como al profesorado de todas las etapas, instrumentos y herramientas para una adecuada gesti\u00f3n de las emociones y  prevenir as\u00ed los posibles desequilibrios emocionales creando un mayor bienestar y salud integral. <\/p>\n\n\n\n<p>El programa se est\u00e1 desarrollando durante 3 cursos lectivos (septiembre 2021 a junio 2024) de la mano del Departamento y posteriormente seguiremos de manera aut\u00f3noma:<\/p>\n\n\n\n<ul><li>Curso 21\/22: A\u00f1o de Sensibilizaci\u00f3n, de contextualizaci\u00f3n del Proyecto. Un a\u00f1o de comenzar a hacerlo visible en toda la Comunidad Educativa, intentando implicar a las familias. Y de ir moviendo toda la maquinaria.<\/li><\/ul>\n\n\n\n<ul><li>&nbsp;Curso 22\/23. Implantaci\u00f3n del programa. <\/li><li>Curso 23\/24. Formaci\u00f3n en materia de convivencia con las familias.<\/li><\/ul>\n\n\n\n<p class=\"has-text-align-center\"><a rel=\"noreferrer noopener\" href=\"https:\/\/www.noticiasdenavarra.com\/actualidad\/sociedad\/2022\/01\/03\/programa-laguntza-gira-educacion-emocional\/1215957.html\" target=\"_blank\">INFORMACI\u00d3N EN PRENSA &#8211; INCORPORACI\u00d3N DE NUESTRO CENTRO <\/a><\/p>\n\n\n\n<p><strong>El curso 21\/22 en nuestro centro<\/strong><\/p>\n\n\n\n<p>Actuaciones realizadas: <\/p>\n\n\n\n<ul><li>Actividades de cohesi\u00f3n en el aula, a principio de curso para conocerse y durante el curso para trabajar en la consecuci\u00f3n de un buen clima y mejorar la convivencia.<\/li><li>Din\u00e1micas de juego durante los patios. Alternativas de ocio. <\/li><li>M\u00fasica a las entradas\/salidas y patios. <\/li><li>Actividades de meditaci\u00f3n y relajaci\u00f3n.<\/li><li>Equipo de convivencia para ayudar en la resoluci\u00f3n de conflictos entre el alumnado.<\/li><li>Formaci\u00f3n institucional para el profesorado de las dos etapas, infantil y primaria y formaci\u00f3n de un grupo impulsor del programa en el centro.&nbsp;<\/li><li>Puesta en marcha de din\u00e1micas para trabajar el buen clima entre el profesorado del centro.<\/li><\/ul>\n\n\n\n<p class=\"has-text-align-center\"><a rel=\"noreferrer noopener\" href=\"https:\/\/drive.google.com\/drive\/folders\/1nAU0d3m3mYaYD0PrJ5TPH9P8cKhJqevJ?usp=sharing\" target=\"_blank\">ENLACE A LAS FOTOGRAF\u00cdAS DE LAS DIFERENTES ACCIONES DESARROLLADAS<\/a><\/p>\n\n\n\n<p class=\"has-text-align-right\">El equipo Laguntza&nbsp;<\/p>\n","protected":false},"excerpt":{"rendered":"<p>A comienzos del curso escolar 21\/22 comenz\u00f3 el pilotaje de este programa propuesto por el Departamento de Educaci\u00f3n de Navarra centrado en la educaci\u00f3n emocional (ecolog\u00eda emocional). ENLACE A LA P\u00c1GINA WEB DE CONVIVENCIA DE NAVARRA Dicho programa se caracteriza por proporcionar, tanto al alumnado como al profesorado de todas las etapas, instrumentos y herramientas &hellip; <a href=\"https:\/\/cpsanadrian.educacion.navarra.es\/blog\/laguntza\/\" class=\"more-link\">Seguir leyendo <span class=\"screen-reader-text\">LAGUNTZA<\/span> <span class=\"meta-nav\">&rarr;<\/span><\/a><\/p>\n","protected":false},"author":11,"featured_media":0,"parent":0,"menu_order":0,"comment_status":"closed","ping_status":"closed","template":"","meta":{"ngg_post_thumbnail":0},"_links":{"self":[{"href":"https:\/\/cpsanadrian.educacion.navarra.es\/blog\/wp-json\/wp\/v2\/pages\/8097"}],"collection":[{"href":"https:\/\/cpsanadrian.educacion.navarra.es\/blog\/wp-json\/wp\/v2\/pages"}],"about":[{"href":"https:\/\/cpsanadrian.educacion.navarra.es\/blog\/wp-json\/wp\/v2\/types\/page"}],"author":[{"embeddable":true,"href":"https:\/\/cpsanadrian.educacion.navarra.es\/blog\/wp-json\/wp\/v2\/users\/11"}],"replies":[{"embeddable":true,"href":"https:\/\/cpsanadrian.educacion.navarra.es\/blog\/wp-json\/wp\/v2\/comments?post=8097"}],"version-history":[{"count":6,"href":"https:\/\/cpsanadrian.educacion.navarra.es\/blog\/wp-json\/wp\/v2\/pages\/8097\/revisions"}],"predecessor-version":[{"id":8996,"href":"https:\/\/cpsanadrian.educacion.navarra.es\/blog\/wp-json\/wp\/v2\/pages\/8097\/revisions\/8996"}],"wp:attachment":[{"href":"https:\/\/cpsanadrian.educacion.navarra.es\/blog\/wp-json\/wp\/v2\/media?parent=8097"}],"curies":[{"name":"wp","href":"https:\/\/api.w.org\/{rel}","templated":true}]}}