{"id":8688,"date":"2023-03-30T12:59:51","date_gmt":"2023-03-30T10:59:51","guid":{"rendered":"https:\/\/cpsanadrian.educacion.navarra.es\/blog\/?page_id=8688"},"modified":"2023-05-22T11:39:35","modified_gmt":"2023-05-22T09:39:35","slug":"ikasnova-2","status":"publish","type":"page","link":"https:\/\/cpsanadrian.educacion.navarra.es\/blog\/ikasnova-2\/","title":{"rendered":"Ikasnova"},"content":{"rendered":"\n<p>Nuestro centro fue seleccionado a finales del curso 21\/22 para la creaci\u00f3n de un aula ikasNOVA. A d\u00eda de hoy ya la tenemos instalada y est\u00e1 en funcionamiento. <\/p>\n\n\n\n<figure class=\"wp-block-image size-full\"><a href=\"https:\/\/cpsanadrian.educacion.navarra.es\/blog\/wp-content\/uploads\/2023\/03\/1mP4GULg5GYyNh0wOzKnv1nzjzO3x2UZN.jpg\"><img loading=\"lazy\" width=\"955\" height=\"710\" src=\"https:\/\/cpsanadrian.educacion.navarra.es\/blog\/wp-content\/uploads\/2023\/03\/1mP4GULg5GYyNh0wOzKnv1nzjzO3x2UZN.jpg\" alt=\"\" class=\"wp-image-8689\" srcset=\"https:\/\/cpsanadrian.educacion.navarra.es\/blog\/wp-content\/uploads\/2023\/03\/1mP4GULg5GYyNh0wOzKnv1nzjzO3x2UZN.jpg 955w, https:\/\/cpsanadrian.educacion.navarra.es\/blog\/wp-content\/uploads\/2023\/03\/1mP4GULg5GYyNh0wOzKnv1nzjzO3x2UZN-300x223.jpg 300w, https:\/\/cpsanadrian.educacion.navarra.es\/blog\/wp-content\/uploads\/2023\/03\/1mP4GULg5GYyNh0wOzKnv1nzjzO3x2UZN-768x571.jpg 768w\" sizes=\"(max-width: 955px) 100vw, 955px\" \/><\/a><\/figure>\n\n\n\n<p>Estos espacios no son aulas de inform\u00e1tica, son contextos polivalentes, amplios,&nbsp; dotados de un mobiliario flexible que permite diferentes configuraciones del aula y con la tecnolog\u00eda al servicio de profesorado y los y las estudiantes. <\/p>\n\n\n\n<p>El objetivo es dar a conocer otra manera de organizar los espacios de las aulas y de los centros, mostrar c\u00f3mo integrar la tecnolog\u00eda como una herramienta m\u00e1s para el aprendizaje y ofrecer una gu\u00eda para continuar con el cambio metodol\u00f3gico de una manera guiada.<\/p>\n\n\n\n<p class=\"has-text-align-center\"><a href=\"https:\/\/docs.google.com\/document\/d\/18BxQQR6dmP4cxWkrOKOV0RcefLAWxPPyoQIrw0qywcc\/edit?usp=sharing\" target=\"_blank\" rel=\"noreferrer noopener\">ENLACE AL PROYECTO PRESENTADO<\/a><\/p>\n\n\n\n<p class=\"has-text-align-center\"><a href=\"https:\/\/ikasnova.digital\/espacios\" target=\"_blank\" rel=\"noreferrer noopener\">AULAS IKASNOVA DE NAVARRA<\/a><\/p>\n\n\n\n<p class=\"has-text-align-center\"><a href=\"https:\/\/drive.google.com\/drive\/folders\/1aqayQbpo5_6DoSa7poT6UaO6RPHHhfsF?usp=sharing\" target=\"_blank\" rel=\"noreferrer noopener\">Enlace a las fotograf\u00edas del aula<\/a><\/p>\n\n\n\n<p class=\"has-text-align-center\"><a href=\"https:\/\/www.navarra.es\/es\/-\/nota-prensa\/el-colegio-alfonso-x-el-sabio-de-san-adrian-cuenta-ya-con-un-aula-ikasnova\" target=\"_blank\" rel=\"noreferrer noopener\">Enlace a la noticia de la inauguraci\u00f3n<\/a><\/p>\n","protected":false},"excerpt":{"rendered":"<p>Nuestro centro fue seleccionado a finales del curso 21\/22 para la creaci\u00f3n de un aula ikasNOVA. A d\u00eda de hoy ya la tenemos instalada y est\u00e1 en funcionamiento. Estos espacios no son aulas de inform\u00e1tica, son contextos polivalentes, amplios,&nbsp; dotados de un mobiliario flexible que permite diferentes configuraciones del aula y con la tecnolog\u00eda al &hellip; <a href=\"https:\/\/cpsanadrian.educacion.navarra.es\/blog\/ikasnova-2\/\" class=\"more-link\">Seguir leyendo <span class=\"screen-reader-text\">Ikasnova<\/span> <span class=\"meta-nav\">&rarr;<\/span><\/a><\/p>\n","protected":false},"author":11,"featured_media":0,"parent":0,"menu_order":0,"comment_status":"closed","ping_status":"closed","template":"","meta":{"ngg_post_thumbnail":0},"_links":{"self":[{"href":"https:\/\/cpsanadrian.educacion.navarra.es\/blog\/wp-json\/wp\/v2\/pages\/8688"}],"collection":[{"href":"https:\/\/cpsanadrian.educacion.navarra.es\/blog\/wp-json\/wp\/v2\/pages"}],"about":[{"href":"https:\/\/cpsanadrian.educacion.navarra.es\/blog\/wp-json\/wp\/v2\/types\/page"}],"author":[{"embeddable":true,"href":"https:\/\/cpsanadrian.educacion.navarra.es\/blog\/wp-json\/wp\/v2\/users\/11"}],"replies":[{"embeddable":true,"href":"https:\/\/cpsanadrian.educacion.navarra.es\/blog\/wp-json\/wp\/v2\/comments?post=8688"}],"version-history":[{"count":3,"href":"https:\/\/cpsanadrian.educacion.navarra.es\/blog\/wp-json\/wp\/v2\/pages\/8688\/revisions"}],"predecessor-version":[{"id":8785,"href":"https:\/\/cpsanadrian.educacion.navarra.es\/blog\/wp-json\/wp\/v2\/pages\/8688\/revisions\/8785"}],"wp:attachment":[{"href":"https:\/\/cpsanadrian.educacion.navarra.es\/blog\/wp-json\/wp\/v2\/media?parent=8688"}],"curies":[{"name":"wp","href":"https:\/\/api.w.org\/{rel}","templated":true}]}}