{"id":9347,"date":"2024-05-20T12:21:01","date_gmt":"2024-05-20T10:21:01","guid":{"rendered":"https:\/\/cpsanadrian.educacion.navarra.es\/blog\/?page_id=9347"},"modified":"2024-05-20T12:46:39","modified_gmt":"2024-05-20T10:46:39","slug":"aseguratic","status":"publish","type":"page","link":"https:\/\/cpsanadrian.educacion.navarra.es\/blog\/aseguratic\/","title":{"rendered":"Aseguratic"},"content":{"rendered":"\n<p>En la p\u00e1gina web del INTEF (Instituto Nacional de Tecnolog\u00edas Educativas y de Formaci\u00f3n del profesorado) se incluye un apartado correspondiente a Internet y las redes sociales. Durante los \u00faltimos a\u00f1os este \u00e1mbito ha experimentado un avance sin precedentes y se ha convertido en el medio de comunicaci\u00f3n m\u00e1s empleado por la sociedad. La facilidad de uso y de difusi\u00f3n expone a los ciudadanos a m\u00faltiples riesgos que afectan a su privacidad y derechos.<\/p>\n\n\n\n<p>En esta p\u00e1gina web nos ofrecen asesoramiento y orientaciones para evitar experiencias desagradables y fomentar un uso \u00f3ptimo y saludable. <\/p>\n\n\n\n<figure class=\"wp-block-image size-large\"><a href=\"https:\/\/cpsanadrian.educacion.navarra.es\/blog\/wp-content\/uploads\/2024\/05\/image-3.png\"><img loading=\"lazy\" width=\"1024\" height=\"457\" src=\"https:\/\/cpsanadrian.educacion.navarra.es\/blog\/wp-content\/uploads\/2024\/05\/image-3-1024x457.png\" alt=\"\" class=\"wp-image-9348\" srcset=\"https:\/\/cpsanadrian.educacion.navarra.es\/blog\/wp-content\/uploads\/2024\/05\/image-3-1024x457.png 1024w, https:\/\/cpsanadrian.educacion.navarra.es\/blog\/wp-content\/uploads\/2024\/05\/image-3-300x134.png 300w, https:\/\/cpsanadrian.educacion.navarra.es\/blog\/wp-content\/uploads\/2024\/05\/image-3-768x343.png 768w, https:\/\/cpsanadrian.educacion.navarra.es\/blog\/wp-content\/uploads\/2024\/05\/image-3-604x270.png 604w, https:\/\/cpsanadrian.educacion.navarra.es\/blog\/wp-content\/uploads\/2024\/05\/image-3.png 1272w\" sizes=\"(max-width: 1024px) 100vw, 1024px\" \/><\/a><\/figure>\n\n\n\n<p>Orientaciones para profesorado, familias y menores <a href=\"https:\/\/intef.es\/recursos-educativos\/aseguratic\/te-orientamos\/\" target=\"_blank\" rel=\"noreferrer noopener\">(CLIC AQU\u00cd)<\/a><\/p>\n\n\n\n<p>Buscador de recursos <a href=\"https:\/\/intef.es\/recursos-educativos\/aseguratic\/buscador\/\" target=\"_blank\" rel=\"noreferrer noopener\">(CLIC AQU\u00cd)<\/a><\/p>\n","protected":false},"excerpt":{"rendered":"<p>En la p\u00e1gina web del INTEF (Instituto Nacional de Tecnolog\u00edas Educativas y de Formaci\u00f3n del profesorado) se incluye un apartado correspondiente a Internet y las redes sociales. Durante los \u00faltimos a\u00f1os este \u00e1mbito ha experimentado un avance sin precedentes y se ha convertido en el medio de comunicaci\u00f3n m\u00e1s empleado por la sociedad. La facilidad &hellip; <a href=\"https:\/\/cpsanadrian.educacion.navarra.es\/blog\/aseguratic\/\" class=\"more-link\">Seguir leyendo <span class=\"screen-reader-text\">Aseguratic<\/span> <span class=\"meta-nav\">&rarr;<\/span><\/a><\/p>\n","protected":false},"author":11,"featured_media":0,"parent":0,"menu_order":0,"comment_status":"closed","ping_status":"closed","template":"","meta":{"ngg_post_thumbnail":0},"_links":{"self":[{"href":"https:\/\/cpsanadrian.educacion.navarra.es\/blog\/wp-json\/wp\/v2\/pages\/9347"}],"collection":[{"href":"https:\/\/cpsanadrian.educacion.navarra.es\/blog\/wp-json\/wp\/v2\/pages"}],"about":[{"href":"https:\/\/cpsanadrian.educacion.navarra.es\/blog\/wp-json\/wp\/v2\/types\/page"}],"author":[{"embeddable":true,"href":"https:\/\/cpsanadrian.educacion.navarra.es\/blog\/wp-json\/wp\/v2\/users\/11"}],"replies":[{"embeddable":true,"href":"https:\/\/cpsanadrian.educacion.navarra.es\/blog\/wp-json\/wp\/v2\/comments?post=9347"}],"version-history":[{"count":2,"href":"https:\/\/cpsanadrian.educacion.navarra.es\/blog\/wp-json\/wp\/v2\/pages\/9347\/revisions"}],"predecessor-version":[{"id":9351,"href":"https:\/\/cpsanadrian.educacion.navarra.es\/blog\/wp-json\/wp\/v2\/pages\/9347\/revisions\/9351"}],"wp:attachment":[{"href":"https:\/\/cpsanadrian.educacion.navarra.es\/blog\/wp-json\/wp\/v2\/media?parent=9347"}],"curies":[{"name":"wp","href":"https:\/\/api.w.org\/{rel}","templated":true}]}}