{"id":9751,"date":"2025-04-28T11:42:32","date_gmt":"2025-04-28T09:42:32","guid":{"rendered":"https:\/\/cpsanadrian.educacion.navarra.es\/blog\/?page_id=9751"},"modified":"2025-04-28T11:42:33","modified_gmt":"2025-04-28T09:42:33","slug":"recursos-proteccion-menores-en-las-redes","status":"publish","type":"page","link":"https:\/\/cpsanadrian.educacion.navarra.es\/blog\/recursos-proteccion-menores-en-las-redes\/","title":{"rendered":"Recursos protecci\u00f3n menores en las Redes"},"content":{"rendered":"\n<p>Internet y las redes sociales han experimentado un avance sin precedentes en los \u00faltimos a\u00f1os y se han convertido en los medios de comunicaci\u00f3n m\u00e1s empleados por la sociedad. La facilidad de uso y de difusi\u00f3n expone a los ciudadanos a m\u00faltiples riesgos que afectan a su privacidad y derechos.<\/p>\n\n\n\n<figure class=\"wp-block-image\"><img src=\"https:\/\/intef.es\/wp-content\/uploads\/2019\/09\/home_seg_02.svg\" alt=\"Imagen decorativa con iconos de problemas web\"\/><\/figure>\n\n\n\n<p>Para proteger a los usuarios de estos medios, en especial a los menores, se han puesto en marcha m\u00faltiples iniciativas para informar y sensibilizar de los riesgos que conlleva su uso inadecuado, ofreciendo recursos que ayudan a proteger su informaci\u00f3n personal y sus derechos digitales.<\/p>\n\n\n\n<p>Desde el centro, hemos recopilado los siguientes:<\/p>\n\n\n\n<p><em>Dirigidos a familias:<\/em><\/p>\n\n\n\n<ul><li>Plan Digital Familiar (Asociaci\u00f3n Espa\u00f1ola de Pediatr\u00eda) <a rel=\"noreferrer noopener\" href=\"https:\/\/plandigitalfamiliar.aeped.es\/plandigitalfamiliar.php\" target=\"_blank\">(enlace al recurso)<\/a><\/li><li>Pactos familiares para el buen uso de dispositivos <a rel=\"noreferrer noopener\" href=\"https:\/\/www.incibe.es\/menores\/familias\/pactos-familiares-para-el-buen-uso-de-dispositivos\" target=\"_blank\">(enlace al recurso)<\/a><\/li><li>Dec\u00e1logos del buen uso &#8211; Infograf\u00edas <a rel=\"noreferrer noopener\" href=\"https:\/\/es.pinterest.com\/aprendeintef\/menorseguroenred\/\" target=\"_blank\">(enlace al recurso)<\/a><\/li><li>Instituto Nacional de Ciberseguridad <a href=\"https:\/\/intef.es\/recursos-2\/ciberseguridad\/\" target=\"_blank\" rel=\"noreferrer noopener\">(enlace al recurso)<\/a><\/li><\/ul>\n\n\n\n<p><em>Dirigidos a docentes:<\/em><\/p>\n\n\n\n<ul><li>Buenas pr\u00e1cticas en ciberseguridad <a rel=\"noreferrer noopener\" href=\"https:\/\/intef.es\/recursos-2\/ciberseguridad\/\" target=\"_blank\">(enlace al recurso)<\/a><\/li><li>Unidades did\u00e1cticas <a rel=\"noreferrer noopener\" href=\"https:\/\/www.incibe.es\/menores\/educadores\/materiales-didacticos\/unidades-didacticas-10\" target=\"_blank\">(enlace al recurso)<\/a><\/li><li>Cursos dirigidos a docentes &#8211; Menores y seguridad en la red (los van abriendo) <a rel=\"noreferrer noopener\" href=\"https:\/\/enlinea.intef.es\/courses\/course-v1%3AINTEF%2BSeguridadyPrivacidad%2B2025_ED3\/about\" target=\"_blank\">(enlace al recurso)<\/a><\/li><li>Instituto Nacional de Ciberseguridad <a rel=\"noreferrer noopener\" href=\"https:\/\/intef.es\/recursos-2\/ciberseguridad\/\" target=\"_blank\">(enlace al recurso)<\/a><\/li><\/ul>\n","protected":false},"excerpt":{"rendered":"<p>Internet y las redes sociales han experimentado un avance sin precedentes en los \u00faltimos a\u00f1os y se han convertido en los medios de comunicaci\u00f3n m\u00e1s empleados por la sociedad. La facilidad de uso y de difusi\u00f3n expone a los ciudadanos a m\u00faltiples riesgos que afectan a su privacidad y derechos. Para proteger a los usuarios &hellip; <a href=\"https:\/\/cpsanadrian.educacion.navarra.es\/blog\/recursos-proteccion-menores-en-las-redes\/\" class=\"more-link\">Seguir leyendo <span class=\"screen-reader-text\">Recursos protecci\u00f3n menores en las Redes<\/span> <span class=\"meta-nav\">&rarr;<\/span><\/a><\/p>\n","protected":false},"author":11,"featured_media":0,"parent":0,"menu_order":0,"comment_status":"closed","ping_status":"closed","template":"","meta":{"ngg_post_thumbnail":0},"_links":{"self":[{"href":"https:\/\/cpsanadrian.educacion.navarra.es\/blog\/wp-json\/wp\/v2\/pages\/9751"}],"collection":[{"href":"https:\/\/cpsanadrian.educacion.navarra.es\/blog\/wp-json\/wp\/v2\/pages"}],"about":[{"href":"https:\/\/cpsanadrian.educacion.navarra.es\/blog\/wp-json\/wp\/v2\/types\/page"}],"author":[{"embeddable":true,"href":"https:\/\/cpsanadrian.educacion.navarra.es\/blog\/wp-json\/wp\/v2\/users\/11"}],"replies":[{"embeddable":true,"href":"https:\/\/cpsanadrian.educacion.navarra.es\/blog\/wp-json\/wp\/v2\/comments?post=9751"}],"version-history":[{"count":1,"href":"https:\/\/cpsanadrian.educacion.navarra.es\/blog\/wp-json\/wp\/v2\/pages\/9751\/revisions"}],"predecessor-version":[{"id":9752,"href":"https:\/\/cpsanadrian.educacion.navarra.es\/blog\/wp-json\/wp\/v2\/pages\/9751\/revisions\/9752"}],"wp:attachment":[{"href":"https:\/\/cpsanadrian.educacion.navarra.es\/blog\/wp-json\/wp\/v2\/media?parent=9751"}],"curies":[{"name":"wp","href":"https:\/\/api.w.org\/{rel}","templated":true}]}}