{"id":9787,"date":"2025-05-23T09:17:31","date_gmt":"2025-05-23T07:17:31","guid":{"rendered":"https:\/\/cpsanadrian.educacion.navarra.es\/blog\/?page_id=9787"},"modified":"2025-06-30T12:07:30","modified_gmt":"2025-06-30T10:07:30","slug":"calendario-25-26","status":"publish","type":"page","link":"https:\/\/cpsanadrian.educacion.navarra.es\/blog\/calendario-25-26\/","title":{"rendered":"Calendario 25\/26 (DEFINITIVO)"},"content":{"rendered":"\n<p>\u00a1IMPORTANTE! Ante la decisi\u00f3n por parte del Gobierno de Navarra de establecer el 19 de marzo como festivo, el calendario ha sufrido modificaciones que se aprobar\u00e1n en la \u00faltima sesi\u00f3n del Consejo Escolar. As\u00ed, el 3 de noviembre y el 4 de mayo, que en un principio eran festivos, pasar\u00e1n a ser lectivos. Por otro lado, el 19 y 20 de marzo pasar\u00e1n a ser festivos. <\/p>\n\n\n\n<figure class=\"wp-block-image size-full\"><a href=\"https:\/\/cpsanadrian.educacion.navarra.es\/blog\/wp-content\/uploads\/2025\/06\/image-3.png\"><img loading=\"lazy\" width=\"932\" height=\"626\" src=\"https:\/\/cpsanadrian.educacion.navarra.es\/blog\/wp-content\/uploads\/2025\/06\/image-3.png\" alt=\"\" class=\"wp-image-9902\" srcset=\"https:\/\/cpsanadrian.educacion.navarra.es\/blog\/wp-content\/uploads\/2025\/06\/image-3.png 932w, https:\/\/cpsanadrian.educacion.navarra.es\/blog\/wp-content\/uploads\/2025\/06\/image-3-300x202.png 300w, https:\/\/cpsanadrian.educacion.navarra.es\/blog\/wp-content\/uploads\/2025\/06\/image-3-768x516.png 768w\" sizes=\"(max-width: 932px) 100vw, 932px\" \/><\/a><\/figure>\n","protected":false},"excerpt":{"rendered":"<p>\u00a1IMPORTANTE! Ante la decisi\u00f3n por parte del Gobierno de Navarra de establecer el 19 de marzo como festivo, el calendario ha sufrido modificaciones que se aprobar\u00e1n en la \u00faltima sesi\u00f3n del Consejo Escolar. As\u00ed, el 3 de noviembre y el 4 de mayo, que en un principio eran festivos, pasar\u00e1n a ser lectivos. Por otro &hellip; <a href=\"https:\/\/cpsanadrian.educacion.navarra.es\/blog\/calendario-25-26\/\" class=\"more-link\">Seguir leyendo <span class=\"screen-reader-text\">Calendario 25\/26 (DEFINITIVO)<\/span> <span class=\"meta-nav\">&rarr;<\/span><\/a><\/p>\n","protected":false},"author":11,"featured_media":0,"parent":0,"menu_order":0,"comment_status":"closed","ping_status":"closed","template":"","meta":{"ngg_post_thumbnail":0},"_links":{"self":[{"href":"https:\/\/cpsanadrian.educacion.navarra.es\/blog\/wp-json\/wp\/v2\/pages\/9787"}],"collection":[{"href":"https:\/\/cpsanadrian.educacion.navarra.es\/blog\/wp-json\/wp\/v2\/pages"}],"about":[{"href":"https:\/\/cpsanadrian.educacion.navarra.es\/blog\/wp-json\/wp\/v2\/types\/page"}],"author":[{"embeddable":true,"href":"https:\/\/cpsanadrian.educacion.navarra.es\/blog\/wp-json\/wp\/v2\/users\/11"}],"replies":[{"embeddable":true,"href":"https:\/\/cpsanadrian.educacion.navarra.es\/blog\/wp-json\/wp\/v2\/comments?post=9787"}],"version-history":[{"count":8,"href":"https:\/\/cpsanadrian.educacion.navarra.es\/blog\/wp-json\/wp\/v2\/pages\/9787\/revisions"}],"predecessor-version":[{"id":9903,"href":"https:\/\/cpsanadrian.educacion.navarra.es\/blog\/wp-json\/wp\/v2\/pages\/9787\/revisions\/9903"}],"wp:attachment":[{"href":"https:\/\/cpsanadrian.educacion.navarra.es\/blog\/wp-json\/wp\/v2\/media?parent=9787"}],"curies":[{"name":"wp","href":"https:\/\/api.w.org\/{rel}","templated":true}]}}